{"id":2281,"date":"2017-03-15T01:10:06","date_gmt":"2017-03-15T04:10:06","guid":{"rendered":"http:\/\/ALWAYS_LUKE_MASC"},"modified":"2026-04-17T19:31:17","modified_gmt":"2026-04-17T22:31:17","slug":"always_luke","status":"publish","type":"product","link":"https:\/\/asbaratas.com.br\/loja\/produto\/always_luke\/","title":{"rendered":"ALWAYS LUKE"},"content":{"rendered":"<p>Como j\u00e1 dizia o amigo do Brian, o maior jedi de todos, para o lado bom da vida sempre olhe&#8230; ou quase isso.<\/p>\n<p>Malha em 100% algod\u00e3o na azul marinhoom estampa em silk de alta qualidade.<\/p>\n<p>A taxa de encolhimento \u00e9 em m\u00e9dia 3% variando dos m\u00e9todos de lavagem.<\/p>\n<p>DICAS PARA SUA CAMISETA DURAR MUITO:<br \/>\n\u2022 LAVE COM \u00c1GUA FRIA<br \/>\n\u2022 PASSE ELA DO AVESSO<br \/>\n\u2022 N\u00c3O COLOQUE NA M\u00c1QUINA DE SECAR<br \/>\n\u2022 N\u00c3O DEIXE DE MOLHO<br \/>\n\u2022 SEMPRE SEQUE \u00c0 SOMBRA<\/p>\n<p>Arte por\u00a0Raphael Salimena<\/p>\n<p>As camisetas s\u00e3o despachadas em at\u00e9 3 dias \u00fateis.<\/p>\n","protected":false},"excerpt":{"rendered":"<p>Como j\u00e1 dizia o amigo do Brian, o maior jedi de todos, para o lado bom da vida sempre olhe&#8230; ou quase isso. Malha em 100% algod\u00e3o na azul marinhoom estampa em silk de alta qualidade. A taxa de encolhimento \u00e9 em m\u00e9dia 3% variando dos m\u00e9todos de lavagem. DICAS PARA SUA CAMISETA DURAR MUITO: [&#8230;]\n","protected":false},"featured_media":2282,"comment_status":"open","ping_status":"closed","template":"","meta":[],"product_brand":[],"product_cat":[83],"product_tag":[241,258,182,181,213,183,246,254,245,244,242,240,251,250,253,255,249,256,257,252,248,247,243],"class_list":{"0":"post-2281","1":"product","2":"type-product","3":"status-publish","4":"has-post-thumbnail","6":"product_cat-camiseta-reta","7":"product_tag-academia","8":"product_tag-brian","9":"product_tag-camisa","10":"product_tag-camiseta","11":"product_tag-cinema","12":"product_tag-estampa","13":"product_tag-estrelas","14":"product_tag-george-lucas","15":"product_tag-guerra","16":"product_tag-guerra-nas-estrelas","17":"product_tag-jedai","18":"product_tag-jedi","19":"product_tag-light","20":"product_tag-light-saber","21":"product_tag-lightsaber","22":"product_tag-lucas-film","23":"product_tag-luz","24":"product_tag-monty","25":"product_tag-python","26":"product_tag-saber","27":"product_tag-sabre","28":"product_tag-sabre-de-luz","29":"product_tag-star-wars","30":"pa_artista-salimena","31":"pa_cor-azul-escuro","32":"pa_tamanho-2g","33":"pa_tamanho-3g","34":"pa_tamanho-4g","35":"pa_tamanho-g","36":"pa_tamanho-m","37":"pa_tamanho-p","38":"pa_tema-Cinema","39":"product_type-variable","40":"product_visibility-outofstock","75":"first","76":"outofstock","77":"shipping-taxable","78":"purchasable","79":"product-type-variable"},"_links":{"self":[{"href":"https:\/\/asbaratas.com.br\/loja\/wp-json\/wp\/v2\/product\/2281","targetHints":{"allow":["GET"]}}],"collection":[{"href":"https:\/\/asbaratas.com.br\/loja\/wp-json\/wp\/v2\/product"}],"about":[{"href":"https:\/\/asbaratas.com.br\/loja\/wp-json\/wp\/v2\/types\/product"}],"replies":[{"embeddable":true,"href":"https:\/\/asbaratas.com.br\/loja\/wp-json\/wp\/v2\/comments?post=2281"}],"wp:featuredmedia":[{"embeddable":true,"href":"https:\/\/asbaratas.com.br\/loja\/wp-json\/wp\/v2\/media\/2282"}],"wp:attachment":[{"href":"https:\/\/asbaratas.com.br\/loja\/wp-json\/wp\/v2\/media?parent=2281"}],"wp:term":[{"taxonomy":"product_brand","embeddable":true,"href":"https:\/\/asbaratas.com.br\/loja\/wp-json\/wp\/v2\/product_brand?post=2281"},{"taxonomy":"product_cat","embeddable":true,"href":"https:\/\/asbaratas.com.br\/loja\/wp-json\/wp\/v2\/product_cat?post=2281"},{"taxonomy":"product_tag","embeddable":true,"href":"https:\/\/asbaratas.com.br\/loja\/wp-json\/wp\/v2\/product_tag?post=2281"}],"curies":[{"name":"wp","href":"https:\/\/api.w.org\/{rel}","templated":true}]}}