{"id":2241,"date":"2019-12-17T01:09:44","date_gmt":"2019-12-17T04:09:44","guid":{"rendered":"http:\/\/AKIRA_MASC"},"modified":"2026-04-02T17:30:06","modified_gmt":"2026-04-02T20:30:06","slug":"tokyo_masc","status":"publish","type":"product","link":"https:\/\/asbaratas.com.br\/loja\/produto\/tokyo_masc\/","title":{"rendered":"NEO TOKYO BOYS"},"content":{"rendered":"<p>lOs garotos perdidos de Neo Tokyo est\u00e3o preparados para o long\u00ednquo futuro de 2019!<\/p>\n<p>Malha em 100% algod\u00e3o na cor vermelho com estampa em silk de alta qualidade.<\/p>\n<p>A taxa de encolhimento \u00e9 em m\u00e9dia 3% variando dos m\u00e9todos de lavagem.<\/p>\n<p>DICAS PARA SUA CAMISETA DURAR MUITO:<br \/>\n\u2022 LAVE COM \u00c1GUA FRIA<br \/>\n\u2022 PASSE ELA DO AVESSO<br \/>\n\u2022 N\u00c3O COLOQUE NA M\u00c1QUINA DE SECAR<br \/>\n\u2022 N\u00c3O DEIXE DE MOLHO<br \/>\n\u2022 SEMPRE SEQUE \u00c0 SOMBRA<\/p>\n<p>Arte por SANTTOS<\/p>\n<p>As camisetas s\u00e3o despachadas em at\u00e9 3 dias \u00fateis.<\/p>\n","protected":false},"excerpt":{"rendered":"<p>lOs garotos perdidos de Neo Tokyo est\u00e3o preparados para o long\u00ednquo futuro de 2019! Malha em 100% algod\u00e3o na cor vermelho com estampa em silk de alta qualidade. A taxa de encolhimento \u00e9 em m\u00e9dia 3% variando dos m\u00e9todos de lavagem. DICAS PARA SUA CAMISETA DURAR MUITO: \u2022 LAVE COM \u00c1GUA FRIA \u2022 PASSE ELA [&#8230;]\n","protected":false},"featured_media":28713,"comment_status":"open","ping_status":"closed","template":"","meta":[],"product_brand":[],"product_cat":[83],"product_tag":[210,221,220,1301,182,181,213,183,212,217,190,184,216,214,222,223,218,215,1300,211,224,1302,219,1299,1303],"class_list":{"0":"post-2241","1":"product","2":"type-product","3":"status-publish","4":"has-post-thumbnail","6":"product_cat-camiseta-reta","7":"product_tag-akira","8":"product_tag-animacao","9":"product_tag-anime","10":"product_tag-boys","11":"product_tag-camisa","12":"product_tag-camiseta","13":"product_tag-cinema","14":"product_tag-estampa","15":"product_tag-filme","16":"product_tag-hashimoto","17":"product_tag-hq","18":"product_tag-ilustracao","19":"product_tag-izo","20":"product_tag-izo-hashimoto","21":"product_tag-japao","22":"product_tag-japones","23":"product_tag-katsuhiro","24":"product_tag-katsuhiro-otomo","25":"product_tag-lost","26":"product_tag-manga","27":"product_tag-moto","28":"product_tag-neo","29":"product_tag-otomo","30":"product_tag-santtos","31":"product_tag-tokyo","32":"pa_artista-santtos","33":"pa_cor-vermelho","34":"pa_tamanho-2g","35":"pa_tamanho-3g","36":"pa_tamanho-4g","37":"pa_tamanho-5g","38":"pa_tamanho-g","39":"pa_tamanho-m","40":"pa_tamanho-p","41":"pa_tema-Cinema","42":"pa_tema-DesenhoAnimado","43":"pa_tema-HQ","44":"pa_tema-Mashup","45":"pa_tema-Oriental","46":"pa_tema-Parodia","47":"product_type-variable","84":"pa_tema-Desenho Animado","90":"first","91":"instock","92":"shipping-taxable","93":"purchasable","94":"product-type-variable","95":"has-default-attributes"},"_links":{"self":[{"href":"https:\/\/asbaratas.com.br\/loja\/wp-json\/wp\/v2\/product\/2241","targetHints":{"allow":["GET"]}}],"collection":[{"href":"https:\/\/asbaratas.com.br\/loja\/wp-json\/wp\/v2\/product"}],"about":[{"href":"https:\/\/asbaratas.com.br\/loja\/wp-json\/wp\/v2\/types\/product"}],"replies":[{"embeddable":true,"href":"https:\/\/asbaratas.com.br\/loja\/wp-json\/wp\/v2\/comments?post=2241"}],"wp:featuredmedia":[{"embeddable":true,"href":"https:\/\/asbaratas.com.br\/loja\/wp-json\/wp\/v2\/media\/28713"}],"wp:attachment":[{"href":"https:\/\/asbaratas.com.br\/loja\/wp-json\/wp\/v2\/media?parent=2241"}],"wp:term":[{"taxonomy":"product_brand","embeddable":true,"href":"https:\/\/asbaratas.com.br\/loja\/wp-json\/wp\/v2\/product_brand?post=2241"},{"taxonomy":"product_cat","embeddable":true,"href":"https:\/\/asbaratas.com.br\/loja\/wp-json\/wp\/v2\/product_cat?post=2241"},{"taxonomy":"product_tag","embeddable":true,"href":"https:\/\/asbaratas.com.br\/loja\/wp-json\/wp\/v2\/product_tag?post=2241"}],"curies":[{"name":"wp","href":"https:\/\/api.w.org\/{rel}","templated":true}]}}