{"id":21252,"date":"2018-08-23T01:19:25","date_gmt":"2018-08-23T04:19:25","guid":{"rendered":"https:\/\/asbaratas.com.br\/loja\/?post_type=product&#038;p=21252"},"modified":"2026-03-11T11:23:21","modified_gmt":"2026-03-11T14:23:21","slug":"hunt_or_die","status":"publish","type":"product","link":"https:\/\/asbaratas.com.br\/loja\/produto\/hunt_or_die\/","title":{"rendered":"HUNT or DIE!"},"content":{"rendered":"<p>Pegue seu skate e saia para curtir altas aventuras com seu alien ca\u00e7ador favorito dos 80s.<\/p>\n<p>Malha em 100% algod\u00e3o na cor roxa com estampa em silk de alta qualidade.<\/p>\n<p>A taxa de encolhimento \u00e9 em m\u00e9dia 3% variando dos m\u00e9todos de lavagem.<\/p>\n<p>DICAS PARA SUA CAMISETA DURAR MUITO:<br \/>\n\u2022 LAVE COM \u00c1GUA FRIA<br \/>\n\u2022 PASSE ELA DO AVESSO<br \/>\n\u2022 N\u00c3O COLOQUE NA M\u00c1QUINA DE SECAR<br \/>\n\u2022 N\u00c3O DEIXE DE MOLHO<br \/>\n\u2022 SEMPRE SEQUE \u00c0 SOMBRA<\/p>\n<p>Arte por Lobo Ramirez<\/p>\n<p>As camisetas s\u00e3o despachadas em at\u00e9 3 dias \u00fateis.<\/p>\n","protected":false},"excerpt":{"rendered":"<p>Pegue seu skate e saia para curtir altas aventuras com seu alien ca\u00e7ador favorito dos 80s. Malha em 100% algod\u00e3o na cor roxa com estampa em silk de alta qualidade. A taxa de encolhimento \u00e9 em m\u00e9dia 3% variando dos m\u00e9todos de lavagem. DICAS PARA SUA CAMISETA DURAR MUITO: \u2022 LAVE COM \u00c1GUA FRIA \u2022 [&#8230;]\n","protected":false},"featured_media":21239,"comment_status":"open","ping_status":"closed","template":"","meta":[],"product_brand":[],"product_cat":[83],"product_tag":[1234,948,650,649,655,182,181,656,213,929,652,1192,1090,1231,183,212,190,1233,184,1235,654,653,1236,658,651,1232,657],"class_list":{"0":"post-21252","1":"product","2":"type-product","3":"status-publish","4":"has-post-thumbnail","6":"product_cat-camiseta-reta","7":"product_tag-1234","8":"product_tag-80s","9":"product_tag-arnold","10":"product_tag-arnold-schwarzenegger","11":"product_tag-ator","12":"product_tag-camisa","13":"product_tag-camiseta","14":"product_tag-capa","15":"product_tag-cinema","16":"product_tag-comix","17":"product_tag-conan","18":"product_tag-die","19":"product_tag-doidera","20":"product_tag-escoria","21":"product_tag-estampa","22":"product_tag-filme","23":"product_tag-hq","24":"product_tag-hunt","25":"product_tag-ilustracao","26":"product_tag-lobo","27":"product_tag-movie","28":"product_tag-predator","29":"product_tag-ramirez","30":"product_tag-rei","31":"product_tag-schwarzenegger","32":"product_tag-skate","33":"product_tag-trono","34":"pa_artista-lobo-ramirez","35":"pa_cor-preto","36":"pa_tamanho-2g","37":"pa_tamanho-3g","38":"pa_tamanho-4g","39":"pa_tamanho-5g","40":"pa_tamanho-g","41":"pa_tamanho-m","42":"pa_tamanho-p","43":"pa_tamanho-pp","44":"pa_tema-Cinema","45":"pa_tema-Games","46":"pa_tema-Humor","47":"pa_tema-Mashup","48":"pa_tema-Parodia","49":"product_type-variable","51":"product_tag-80","94":"first","95":"instock","96":"shipping-taxable","97":"purchasable","98":"product-type-variable"},"_links":{"self":[{"href":"https:\/\/asbaratas.com.br\/loja\/wp-json\/wp\/v2\/product\/21252","targetHints":{"allow":["GET"]}}],"collection":[{"href":"https:\/\/asbaratas.com.br\/loja\/wp-json\/wp\/v2\/product"}],"about":[{"href":"https:\/\/asbaratas.com.br\/loja\/wp-json\/wp\/v2\/types\/product"}],"replies":[{"embeddable":true,"href":"https:\/\/asbaratas.com.br\/loja\/wp-json\/wp\/v2\/comments?post=21252"}],"wp:featuredmedia":[{"embeddable":true,"href":"https:\/\/asbaratas.com.br\/loja\/wp-json\/wp\/v2\/media\/21239"}],"wp:attachment":[{"href":"https:\/\/asbaratas.com.br\/loja\/wp-json\/wp\/v2\/media?parent=21252"}],"wp:term":[{"taxonomy":"product_brand","embeddable":true,"href":"https:\/\/asbaratas.com.br\/loja\/wp-json\/wp\/v2\/product_brand?post=21252"},{"taxonomy":"product_cat","embeddable":true,"href":"https:\/\/asbaratas.com.br\/loja\/wp-json\/wp\/v2\/product_cat?post=21252"},{"taxonomy":"product_tag","embeddable":true,"href":"https:\/\/asbaratas.com.br\/loja\/wp-json\/wp\/v2\/product_tag?post=21252"}],"curies":[{"name":"wp","href":"https:\/\/api.w.org\/{rel}","templated":true}]}}