{"id":20466,"date":"2018-07-27T10:37:44","date_gmt":"2018-07-27T13:37:44","guid":{"rendered":"https:\/\/asbaratas.com.br\/loja\/?post_type=product&#038;p=20466"},"modified":"2026-04-17T19:31:47","modified_gmt":"2026-04-17T22:31:47","slug":"heavy_metal","status":"publish","type":"product","link":"https:\/\/asbaratas.com.br\/loja\/produto\/heavy_metal\/","title":{"rendered":"HEAVY METAL"},"content":{"rendered":"<p>Pra galera que curte um rock pesado e quadrinhos com uma pegada adulta pode contar com agora com nova publica\u00e7\u00e3o da editora Mythos e j\u00e1 incluir sua camiseta oficial na cole\u00e7\u00e3o!<\/p>\n<p>Malha em 100% algod\u00e3o na cor preta com estampa em silk de alta qualidade.<\/p>\n<p>A taxa de encolhimento \u00e9 em m\u00e9dia 3% variando dos m\u00e9todos de lavagem.<\/p>\n<p>DICAS PARA SUA CAMISETA DURAR MUITO:<br \/>\n\u2022 LAVE COM \u00c1GUA FRIA<br \/>\n\u2022 PASSE ELA DO AVESSO<br \/>\n\u2022 N\u00c3O COLOQUE NA M\u00c1QUINA DE SECAR<br \/>\n\u2022 N\u00c3O DEIXE DE MOLHO<br \/>\n\u2022 SEMPRE SEQUE \u00c0 SOMBRA<\/p>\n<p>Arte por Marcos Caldas.<br \/>\nConhe\u00e7a seu trabalho em <a href=\"http:\/\/www.marcoscaldas.com.br\/\">http:\/\/www.marcoscaldas.com.br<\/a><\/p>\n<p>As camisetas s\u00e3o despachadas em at\u00e9 3 dias \u00fateis.<\/p>\n","protected":false},"excerpt":{"rendered":"<p>Pra galera que curte um rock pesado e quadrinhos com uma pegada adulta pode contar com agora com nova publica\u00e7\u00e3o da editora Mythos e j\u00e1 incluir sua camiseta oficial na cole\u00e7\u00e3o! Malha em 100% algod\u00e3o na cor preta com estampa em silk de alta qualidade. A taxa de encolhimento \u00e9 em m\u00e9dia 3% variando dos [&#8230;]\n","protected":false},"featured_media":20404,"comment_status":"open","ping_status":"closed","template":"","meta":[],"product_brand":[],"product_cat":[83],"product_tag":[1224,1223,1225,1215,182,181,969,968,1216,1221,471,183,1214,1222,200,1219,403,1217,1218,199,1220,536,316],"class_list":{"0":"post-20466","1":"product","2":"type-product","3":"status-publish","4":"has-post-thumbnail","6":"product_cat-camiseta-reta","7":"product_tag-1224","8":"product_tag-2000ad","9":"product_tag-ad","10":"product_tag-adulto","11":"product_tag-camisa","12":"product_tag-camiseta","13":"product_tag-classico","14":"product_tag-classicos","15":"product_tag-colecao","16":"product_tag-cyberpunk","17":"product_tag-editora","18":"product_tag-estampa","19":"product_tag-heavy","20":"product_tag-medieval","21":"product_tag-metal","22":"product_tag-mithos","23":"product_tag-mitos","24":"product_tag-mythos","25":"product_tag-mytos","26":"product_tag-rock","27":"product_tag-slaine","28":"product_tag-terror","29":"product_tag-trevas","30":"pa_artista-marcoscaldas","31":"pa_cor-preto","32":"pa_tamanho-2g","33":"pa_tamanho-3g","34":"pa_tamanho-4g","35":"pa_tamanho-g","36":"pa_tamanho-m","37":"pa_tamanho-p","38":"pa_tema-HQ","39":"pa_tema-oficial","40":"product_type-variable","41":"product_visibility-outofstock","43":"product_tag-2000","77":"first","78":"outofstock","79":"shipping-taxable","80":"purchasable","81":"product-type-variable"},"_links":{"self":[{"href":"https:\/\/asbaratas.com.br\/loja\/wp-json\/wp\/v2\/product\/20466","targetHints":{"allow":["GET"]}}],"collection":[{"href":"https:\/\/asbaratas.com.br\/loja\/wp-json\/wp\/v2\/product"}],"about":[{"href":"https:\/\/asbaratas.com.br\/loja\/wp-json\/wp\/v2\/types\/product"}],"replies":[{"embeddable":true,"href":"https:\/\/asbaratas.com.br\/loja\/wp-json\/wp\/v2\/comments?post=20466"}],"wp:featuredmedia":[{"embeddable":true,"href":"https:\/\/asbaratas.com.br\/loja\/wp-json\/wp\/v2\/media\/20404"}],"wp:attachment":[{"href":"https:\/\/asbaratas.com.br\/loja\/wp-json\/wp\/v2\/media?parent=20466"}],"wp:term":[{"taxonomy":"product_brand","embeddable":true,"href":"https:\/\/asbaratas.com.br\/loja\/wp-json\/wp\/v2\/product_brand?post=20466"},{"taxonomy":"product_cat","embeddable":true,"href":"https:\/\/asbaratas.com.br\/loja\/wp-json\/wp\/v2\/product_cat?post=20466"},{"taxonomy":"product_tag","embeddable":true,"href":"https:\/\/asbaratas.com.br\/loja\/wp-json\/wp\/v2\/product_tag?post=20466"}],"curies":[{"name":"wp","href":"https:\/\/api.w.org\/{rel}","templated":true}]}}