{"id":20438,"date":"2018-07-27T09:42:48","date_gmt":"2018-07-27T12:42:48","guid":{"rendered":"https:\/\/asbaratas.com.br\/loja\/?post_type=product&#038;p=20438"},"modified":"2026-03-11T11:23:22","modified_gmt":"2026-03-11T14:23:22","slug":"changeman","status":"publish","type":"product","link":"https:\/\/asbaratas.com.br\/loja\/produto\/changeman\/","title":{"rendered":"CHANGE SPACE"},"content":{"rendered":"<p>A equipe dos defensores da terra est\u00e1 pronta para a a\u00e7\u00e3o nessa estampa sensacional!<\/p>\n<p>Malha em 100% algod\u00e3o na cor preta com estampa em silk de alta qualidade.<\/p>\n<p>A taxa de encolhimento \u00e9 em m\u00e9dia 3% variando dos m\u00e9todos de lavagem.<\/p>\n<p>DICAS PARA SUA CAMISETA DURAR MUITO:<br \/>\n\u2022 LAVE COM \u00c1GUA FRIA<br \/>\n\u2022 PASSE ELA DO AVESSO<br \/>\n\u2022 N\u00c3O COLOQUE NA M\u00c1QUINA DE SECAR<br \/>\n\u2022 N\u00c3O DEIXE DE MOLHO<br \/>\n\u2022 SEMPRE SEQUE \u00c0 SOMBRA<\/p>\n<p>Arte por Alexandre Carvalho<\/p>\n<p>As camisetas s\u00e3o despachadas em at\u00e9 3 dias \u00fateis.<\/p>\n","protected":false},"excerpt":{"rendered":"<p>A equipe dos defensores da terra est\u00e1 pronta para a a\u00e7\u00e3o nessa estampa sensacional! Malha em 100% algod\u00e3o na cor preta com estampa em silk de alta qualidade. A taxa de encolhimento \u00e9 em m\u00e9dia 3% variando dos m\u00e9todos de lavagem. DICAS PARA SUA CAMISETA DURAR MUITO: \u2022 LAVE COM \u00c1GUA FRIA \u2022 PASSE ELA [&#8230;]\n","protected":false},"featured_media":20402,"comment_status":"open","ping_status":"closed","template":"","meta":[],"product_brand":[],"product_cat":[83],"product_tag":[182,181,686,1202,183,326,222,223,368,1205,1095,1204,259,262,1203,360,639],"class_list":{"0":"post-20438","1":"product","2":"type-product","3":"status-publish","4":"has-post-thumbnail","6":"product_cat-camiseta-reta","7":"product_tag-camisa","8":"product_tag-camiseta","9":"product_tag-change","10":"product_tag-changeman","11":"product_tag-estampa","12":"product_tag-heroi","13":"product_tag-japao","14":"product_tag-japones","15":"product_tag-manchete","16":"product_tag-mashup","17":"product_tag-poster","18":"product_tag-ragnarok","19":"product_tag-serie-de-tv","20":"product_tag-televisao","21":"product_tag-thor","22":"product_tag-tokusatsu","23":"product_tag-tv","24":"pa_artista-estivador","25":"pa_cor-preto","26":"pa_tamanho-2g","27":"pa_tamanho-3g","28":"pa_tamanho-4g","29":"pa_tamanho-g","30":"pa_tamanho-m","31":"pa_tamanho-p","32":"pa_tema-Cinema","33":"pa_tema-Mashup","34":"pa_tema-Oriental","35":"pa_tema-Parodia","36":"pa_tema-series","37":"pa_tema-Televisao","38":"product_type-variable","39":"product_visibility-outofstock","73":"first","74":"outofstock","75":"shipping-taxable","76":"purchasable","77":"product-type-variable"},"_links":{"self":[{"href":"https:\/\/asbaratas.com.br\/loja\/wp-json\/wp\/v2\/product\/20438","targetHints":{"allow":["GET"]}}],"collection":[{"href":"https:\/\/asbaratas.com.br\/loja\/wp-json\/wp\/v2\/product"}],"about":[{"href":"https:\/\/asbaratas.com.br\/loja\/wp-json\/wp\/v2\/types\/product"}],"replies":[{"embeddable":true,"href":"https:\/\/asbaratas.com.br\/loja\/wp-json\/wp\/v2\/comments?post=20438"}],"wp:featuredmedia":[{"embeddable":true,"href":"https:\/\/asbaratas.com.br\/loja\/wp-json\/wp\/v2\/media\/20402"}],"wp:attachment":[{"href":"https:\/\/asbaratas.com.br\/loja\/wp-json\/wp\/v2\/media?parent=20438"}],"wp:term":[{"taxonomy":"product_brand","embeddable":true,"href":"https:\/\/asbaratas.com.br\/loja\/wp-json\/wp\/v2\/product_brand?post=20438"},{"taxonomy":"product_cat","embeddable":true,"href":"https:\/\/asbaratas.com.br\/loja\/wp-json\/wp\/v2\/product_cat?post=20438"},{"taxonomy":"product_tag","embeddable":true,"href":"https:\/\/asbaratas.com.br\/loja\/wp-json\/wp\/v2\/product_tag?post=20438"}],"curies":[{"name":"wp","href":"https:\/\/api.w.org\/{rel}","templated":true}]}}