{"id":18824,"date":"2018-06-05T23:54:01","date_gmt":"2018-06-06T02:54:01","guid":{"rendered":"https:\/\/asbaratas.com.br\/loja\/?post_type=product&#038;p=18824"},"modified":"2026-04-17T19:32:21","modified_gmt":"2026-04-17T22:32:21","slug":"por-tutatis","status":"publish","type":"product","link":"https:\/\/asbaratas.com.br\/loja\/produto\/por-tutatis\/","title":{"rendered":"POR TUTATIS!"},"content":{"rendered":"<p>O Gaul\u00eas mais cabe\u00e7a quente tem seu grito de guerra ilustrado nessa homenagem do mestre Marcatti!<\/p>\n<p>Malha em 50% algod\u00e3o 50% poli\u00e9ster na cor cinza-mescla. Estampa em silk de alta qualidade.<\/p>\n<p>A taxa de encolhimento \u00e9 em m\u00e9dia 3% variando dos m\u00e9todos de lavagem.<\/p>\n<p>DICAS PARA SUA CAMISETA DURAR MUITO:<br \/>\n\u2022 LAVE COM \u00c1GUA FRIA<br \/>\n\u2022 PASSE ELA DO AVESSO<br \/>\n\u2022 N\u00c3O COLOQUE NA M\u00c1QUINA DE SECAR<br \/>\n\u2022 N\u00c3O DEIXE DE MOLHO<br \/>\n\u2022 SEMPRE SEQUE \u00c0 SOMBRA<\/p>\n<p>Arte por Samuel Sajo<\/p>\n<p>As camisetas s\u00e3o despachadas em at\u00e9 3 dias \u00fateis.<\/p>\n","protected":false},"excerpt":{"rendered":"<p>O Gaul\u00eas mais cabe\u00e7a quente tem seu grito de guerra ilustrado nessa homenagem do mestre Marcatti! Malha em 50% algod\u00e3o 50% poli\u00e9ster na cor cinza-mescla. Estampa em silk de alta qualidade. A taxa de encolhimento \u00e9 em m\u00e9dia 3% variando dos m\u00e9todos de lavagem. DICAS PARA SUA CAMISETA DURAR MUITO: \u2022 LAVE COM \u00c1GUA FRIA [&#8230;]\n","protected":false},"featured_media":18778,"comment_status":"open","ping_status":"closed","template":"","meta":[],"product_brand":[],"product_cat":[83],"product_tag":[1240,1171,1177,1172,1175,1173,926,1174,1242,469,1176],"class_list":{"0":"post-18824","1":"product","2":"type-product","3":"status-publish","4":"has-post-thumbnail","6":"product_cat-camiseta-reta","7":"product_tag-antifa","8":"product_tag-asterix","9":"product_tag-europeu","10":"product_tag-frauzio","11":"product_tag-gaules","12":"product_tag-ideafix","13":"product_tag-marcatti","14":"product_tag-obelix","15":"product_tag-politic","16":"product_tag-quadrinho","17":"product_tag-romanos","18":"pa_artista-marcatti","19":"pa_cor-cinza","20":"pa_tamanho-2g","21":"pa_tamanho-3g","22":"pa_tamanho-4g","23":"pa_tamanho-g","24":"pa_tamanho-m","25":"pa_tamanho-p","26":"pa_tema-Cinema","27":"pa_tema-DesenhoAnimado","28":"pa_tema-HQ","29":"pa_tema-series","30":"product_type-variable","31":"product_visibility-outofstock","53":"pa_tema-Desenho Animado","57":"first","58":"outofstock","59":"shipping-taxable","60":"purchasable","61":"product-type-variable"},"_links":{"self":[{"href":"https:\/\/asbaratas.com.br\/loja\/wp-json\/wp\/v2\/product\/18824","targetHints":{"allow":["GET"]}}],"collection":[{"href":"https:\/\/asbaratas.com.br\/loja\/wp-json\/wp\/v2\/product"}],"about":[{"href":"https:\/\/asbaratas.com.br\/loja\/wp-json\/wp\/v2\/types\/product"}],"replies":[{"embeddable":true,"href":"https:\/\/asbaratas.com.br\/loja\/wp-json\/wp\/v2\/comments?post=18824"}],"wp:featuredmedia":[{"embeddable":true,"href":"https:\/\/asbaratas.com.br\/loja\/wp-json\/wp\/v2\/media\/18778"}],"wp:attachment":[{"href":"https:\/\/asbaratas.com.br\/loja\/wp-json\/wp\/v2\/media?parent=18824"}],"wp:term":[{"taxonomy":"product_brand","embeddable":true,"href":"https:\/\/asbaratas.com.br\/loja\/wp-json\/wp\/v2\/product_brand?post=18824"},{"taxonomy":"product_cat","embeddable":true,"href":"https:\/\/asbaratas.com.br\/loja\/wp-json\/wp\/v2\/product_cat?post=18824"},{"taxonomy":"product_tag","embeddable":true,"href":"https:\/\/asbaratas.com.br\/loja\/wp-json\/wp\/v2\/product_tag?post=18824"}],"curies":[{"name":"wp","href":"https:\/\/api.w.org\/{rel}","templated":true}]}}