{"id":18813,"date":"2018-06-05T23:46:10","date_gmt":"2018-06-06T02:46:10","guid":{"rendered":"https:\/\/asbaratas.com.br\/loja\/?post_type=product&#038;p=18813"},"modified":"2026-05-12T13:02:50","modified_gmt":"2026-05-12T16:02:50","slug":"be_better","status":"publish","type":"product","link":"https:\/\/asbaratas.com.br\/loja\/produto\/be_better\/","title":{"rendered":"BE BETTER"},"content":{"rendered":"<p>N\u00e3o se desculpe, seja melhor com a camiseta do pai mais carrancudo dos games da \u00faltima gera\u00e7\u00e3o.<\/p>\n<p>Malha em 100% algod\u00e3o na cor preta com estampa em silk de alta qualidade.<\/p>\n<p>A taxa de encolhimento \u00e9 em m\u00e9dia 3% variando dos m\u00e9todos de lavagem.<\/p>\n<p>DICAS PARA SUA CAMISETA DURAR MUITO:<br \/>\n\u2022 LAVE COM \u00c1GUA FRIA<br \/>\n\u2022 PASSE ELA DO AVESSO<br \/>\n\u2022 N\u00c3O COLOQUE NA M\u00c1QUINA DE SECAR<br \/>\n\u2022 N\u00c3O DEIXE DE MOLHO<br \/>\n\u2022 SEMPRE SEQUE \u00c0 SOMBRA<\/p>\n<p>Arte por Felipe Coutinho<\/p>\n<p>As camisetas s\u00e3o despachadas em at\u00e9 3 dias \u00fateis.<\/p>\n","protected":false},"excerpt":{"rendered":"<p>N\u00e3o se desculpe, seja melhor com a camiseta do pai mais carrancudo dos games da \u00faltima gera\u00e7\u00e3o. Malha em 100% algod\u00e3o na cor preta com estampa em silk de alta qualidade. A taxa de encolhimento \u00e9 em m\u00e9dia 3% variando dos m\u00e9todos de lavagem. DICAS PARA SUA CAMISETA DURAR MUITO: \u2022 LAVE COM \u00c1GUA FRIA [&#8230;]\n","protected":false},"featured_media":97979,"comment_status":"open","ping_status":"closed","template":"","meta":[],"product_brand":[],"product_cat":[83],"product_tag":[1166,182,181,213,1167,320,183,866,1161,1162,882,1169,1165,1164,1163,1168,1170,1094],"class_list":{"0":"post-18813","1":"product","2":"type-product","3":"status-publish","4":"has-post-thumbnail","6":"product_cat-camiseta-reta","7":"product_tag-borges","8":"product_tag-camisa","9":"product_tag-camiseta","10":"product_tag-cinema","11":"product_tag-combo","12":"product_tag-dc","13":"product_tag-estampa","14":"product_tag-games","15":"product_tag-god","16":"product_tag-gow4","17":"product_tag-jogos","18":"product_tag-kratos","19":"product_tag-michel","20":"product_tag-playstation","21":"product_tag-ps4","22":"product_tag-rangers","23":"product_tag-viking","24":"product_tag-war","25":"pa_artista-michelborges","26":"pa_cor-preto","27":"pa_tamanho-2g","28":"pa_tamanho-3g","29":"pa_tamanho-4g","30":"pa_tamanho-5g","31":"pa_tamanho-g","32":"pa_tamanho-m","33":"pa_tamanho-p","34":"pa_tamanho-pp","35":"pa_tema-arte","36":"pa_tema-Games","37":"pa_tema-Mashup","38":"pa_tema-Parodia","39":"product_type-variable","74":"first","75":"instock","76":"shipping-taxable","77":"purchasable","78":"product-type-variable"},"_links":{"self":[{"href":"https:\/\/asbaratas.com.br\/loja\/wp-json\/wp\/v2\/product\/18813","targetHints":{"allow":["GET"]}}],"collection":[{"href":"https:\/\/asbaratas.com.br\/loja\/wp-json\/wp\/v2\/product"}],"about":[{"href":"https:\/\/asbaratas.com.br\/loja\/wp-json\/wp\/v2\/types\/product"}],"replies":[{"embeddable":true,"href":"https:\/\/asbaratas.com.br\/loja\/wp-json\/wp\/v2\/comments?post=18813"}],"wp:featuredmedia":[{"embeddable":true,"href":"https:\/\/asbaratas.com.br\/loja\/wp-json\/wp\/v2\/media\/97979"}],"wp:attachment":[{"href":"https:\/\/asbaratas.com.br\/loja\/wp-json\/wp\/v2\/media?parent=18813"}],"wp:term":[{"taxonomy":"product_brand","embeddable":true,"href":"https:\/\/asbaratas.com.br\/loja\/wp-json\/wp\/v2\/product_brand?post=18813"},{"taxonomy":"product_cat","embeddable":true,"href":"https:\/\/asbaratas.com.br\/loja\/wp-json\/wp\/v2\/product_cat?post=18813"},{"taxonomy":"product_tag","embeddable":true,"href":"https:\/\/asbaratas.com.br\/loja\/wp-json\/wp\/v2\/product_tag?post=18813"}],"curies":[{"name":"wp","href":"https:\/\/api.w.org\/{rel}","templated":true}]}}