{"id":18798,"date":"2018-06-05T23:36:15","date_gmt":"2018-06-06T02:36:15","guid":{"rendered":"https:\/\/asbaratas.com.br\/loja\/?post_type=product&#038;p=18798"},"modified":"2026-04-17T19:32:43","modified_gmt":"2026-04-17T22:32:43","slug":"temposdesangue","status":"publish","type":"product","link":"https:\/\/asbaratas.com.br\/loja\/produto\/temposdesangue\/","title":{"rendered":"TEMPOS DE SANGUE"},"content":{"rendered":"<p>Camiseta para quem curte a sanguinol\u00eancia da aclamada serie de livros e quadrinhos da editora Draco escrita por Eduardo Kasse.<\/p>\n<p>Produto oficial, licenciado pela Editora Draco.<\/p>\n<p>Malha em 100% algod\u00e3o na cor preta com estampa em silk de alta qualidade.<\/p>\n<p>A taxa de encolhimento \u00e9 em m\u00e9dia 3% variando dos m\u00e9todos de lavagem.<\/p>\n<p>DICAS PARA SUA CAMISETA DURAR MUITO:<br \/>\n\u2022 LAVE COM \u00c1GUA FRIA<br \/>\n\u2022 PASSE ELA DO AVESSO<br \/>\n\u2022 N\u00c3O COLOQUE NA M\u00c1QUINA DE SECAR<br \/>\n\u2022 N\u00c3O DEIXE DE MOLHO<br \/>\n\u2022 SEMPRE SEQUE \u00c0 SOMBRA<\/p>\n<p>Arte por Jo\u00e3o Pirolla<\/p>\n<p>As camisetas s\u00e3o despachadas em at\u00e9 3 dias \u00fateis.<\/p>\n","protected":false},"excerpt":{"rendered":"<p>Camiseta para quem curte a sanguinol\u00eancia da aclamada serie de livros e quadrinhos da editora Draco escrita por Eduardo Kasse. Produto oficial, licenciado pela Editora Draco. Malha em 100% algod\u00e3o na cor preta com estampa em silk de alta qualidade. A taxa de encolhimento \u00e9 em m\u00e9dia 3% variando dos m\u00e9todos de lavagem. DICAS PARA [&#8230;]\n","protected":false},"featured_media":18774,"comment_status":"open","ping_status":"closed","template":"","meta":[],"product_brand":[],"product_cat":[83],"product_tag":[182,181,1156,470,471,1159,1158,183,472,1155,190,184,1160,398,402,403,469,1154,1157,1153,1152],"class_list":{"0":"post-18798","1":"product","2":"type-product","3":"status-publish","4":"has-post-thumbnail","6":"product_cat-camiseta-reta","7":"product_tag-camisa","8":"product_tag-camiseta","9":"product_tag-dore","10":"product_tag-draco","11":"product_tag-editora","12":"product_tag-eduardo","13":"product_tag-escarlate","14":"product_tag-estampa","15":"product_tag-fernandes","16":"product_tag-gustav","17":"product_tag-hq","18":"product_tag-ilustracao","19":"product_tag-kasse","20":"product_tag-lenda","21":"product_tag-mito","22":"product_tag-mitos","23":"product_tag-quadrinho","24":"product_tag-sangue","25":"product_tag-teia","26":"product_tag-tempos","27":"product_tag-vampiros","28":"pa_artista-barata","29":"pa_cor-preto","30":"pa_tamanho-2g","31":"pa_tamanho-3g","32":"pa_tamanho-4g","33":"pa_tamanho-g","34":"pa_tamanho-m","35":"pa_tamanho-p","36":"pa_tema-HQ","37":"pa_tema-Literatura","38":"pa_tema-oficial","39":"product_type-variable","74":"first","75":"instock","76":"shipping-taxable","77":"purchasable","78":"product-type-variable"},"_links":{"self":[{"href":"https:\/\/asbaratas.com.br\/loja\/wp-json\/wp\/v2\/product\/18798","targetHints":{"allow":["GET"]}}],"collection":[{"href":"https:\/\/asbaratas.com.br\/loja\/wp-json\/wp\/v2\/product"}],"about":[{"href":"https:\/\/asbaratas.com.br\/loja\/wp-json\/wp\/v2\/types\/product"}],"replies":[{"embeddable":true,"href":"https:\/\/asbaratas.com.br\/loja\/wp-json\/wp\/v2\/comments?post=18798"}],"wp:featuredmedia":[{"embeddable":true,"href":"https:\/\/asbaratas.com.br\/loja\/wp-json\/wp\/v2\/media\/18774"}],"wp:attachment":[{"href":"https:\/\/asbaratas.com.br\/loja\/wp-json\/wp\/v2\/media?parent=18798"}],"wp:term":[{"taxonomy":"product_brand","embeddable":true,"href":"https:\/\/asbaratas.com.br\/loja\/wp-json\/wp\/v2\/product_brand?post=18798"},{"taxonomy":"product_cat","embeddable":true,"href":"https:\/\/asbaratas.com.br\/loja\/wp-json\/wp\/v2\/product_cat?post=18798"},{"taxonomy":"product_tag","embeddable":true,"href":"https:\/\/asbaratas.com.br\/loja\/wp-json\/wp\/v2\/product_tag?post=18798"}],"curies":[{"name":"wp","href":"https:\/\/api.w.org\/{rel}","templated":true}]}}