{"id":18784,"date":"2018-06-05T23:15:37","date_gmt":"2018-06-06T02:15:37","guid":{"rendered":"https:\/\/asbaratas.com.br\/loja\/?post_type=product&#038;p=18784"},"modified":"2025-12-10T19:41:27","modified_gmt":"2025-12-10T22:41:27","slug":"melhores-do-mundo2","status":"publish","type":"product","link":"https:\/\/asbaratas.com.br\/loja\/produto\/melhores-do-mundo2\/","title":{"rendered":"MELHORES DO MUNDO 2.0"},"content":{"rendered":"<p>O pessoal do 7\u00ba maior blog de quadrinhos do brasil veio aqui para ficar chique com essa camiseta que homenagea a galera toda que j\u00e1 passou por l\u00e1!<\/p>\n<p>Malha em 100% algod\u00e3o na cor azul marinho com estampa em silk em cromia de alta qualidade.<\/p>\n<p>A taxa de encolhimento \u00e9 em m\u00e9dia 3% variando dos m\u00e9todos de lavagem.<\/p>\n<p>DICAS PARA SUA CAMISETA DURAR MUITO:<br \/>\n\u2022 LAVE COM \u00c1GUA FRIA<br \/>\n\u2022 PASSE ELA DO AVESSO<br \/>\n\u2022 N\u00c3O COLOQUE NA M\u00c1QUINA DE SECAR<br \/>\n\u2022 N\u00c3O DEIXE DE MOLHO<br \/>\n\u2022 SEMPRE SEQUE \u00c0 SOMBRA<\/p>\n<p>Arte por Marcos Tavares Costa<\/p>\n<p>As camisetas s\u00e3o despachadas em at\u00e9 3 dias \u00fateis.<\/p>\n","protected":false},"excerpt":{"rendered":"<p>O pessoal do 7\u00ba maior blog de quadrinhos do brasil veio aqui para ficar chique com essa camiseta que homenagea a galera toda que j\u00e1 passou por l\u00e1! Malha em 100% algod\u00e3o na cor azul marinho com estampa em silk em cromia de alta qualidade. A taxa de encolhimento \u00e9 em m\u00e9dia 3% variando dos [&#8230;]\n","protected":false},"featured_media":18777,"comment_status":"open","ping_status":"closed","template":"","meta":[],"product_brand":[],"product_cat":[83],"product_tag":[691,182,181,690,686,684,194,183,195,683,687,191,190,184,692,685,682,348,688,193,689,228,448],"class_list":{"0":"post-18784","1":"product","2":"type-product","3":"status-publish","4":"has-post-thumbnail","6":"product_cat-camiseta-reta","7":"product_tag-bugman","8":"product_tag-camisa","9":"product_tag-camiseta","10":"product_tag-capivara","11":"product_tag-change","12":"product_tag-comedia","13":"product_tag-comics","14":"product_tag-estampa","15":"product_tag-gibi","16":"product_tag-grupo","17":"product_tag-hell","18":"product_tag-historia-em-quadrinhos","19":"product_tag-hq","20":"product_tag-ilustracao","21":"product_tag-malandrox","22":"product_tag-mdm","23":"product_tag-melhores","24":"product_tag-mundo","25":"product_tag-nerd","26":"product_tag-quadrinhos","27":"product_tag-reverso","28":"product_tag-revista-em-quadrinhos","29":"product_tag-ultra","30":"pa_artista-change","31":"pa_cor-azul-escuro","32":"pa_tamanho-2g","33":"pa_tamanho-3g","34":"pa_tamanho-4g","35":"pa_tamanho-g","36":"pa_tamanho-m","37":"pa_tamanho-p","38":"pa_tema-HQ","39":"pa_tema-Mashup","40":"pa_tema-Podcast","41":"product_type-variable","42":"product_visibility-outofstock","79":"first","80":"outofstock","81":"shipping-taxable","82":"purchasable","83":"product-type-variable"},"_links":{"self":[{"href":"https:\/\/asbaratas.com.br\/loja\/wp-json\/wp\/v2\/product\/18784","targetHints":{"allow":["GET"]}}],"collection":[{"href":"https:\/\/asbaratas.com.br\/loja\/wp-json\/wp\/v2\/product"}],"about":[{"href":"https:\/\/asbaratas.com.br\/loja\/wp-json\/wp\/v2\/types\/product"}],"replies":[{"embeddable":true,"href":"https:\/\/asbaratas.com.br\/loja\/wp-json\/wp\/v2\/comments?post=18784"}],"wp:featuredmedia":[{"embeddable":true,"href":"https:\/\/asbaratas.com.br\/loja\/wp-json\/wp\/v2\/media\/18777"}],"wp:attachment":[{"href":"https:\/\/asbaratas.com.br\/loja\/wp-json\/wp\/v2\/media?parent=18784"}],"wp:term":[{"taxonomy":"product_brand","embeddable":true,"href":"https:\/\/asbaratas.com.br\/loja\/wp-json\/wp\/v2\/product_brand?post=18784"},{"taxonomy":"product_cat","embeddable":true,"href":"https:\/\/asbaratas.com.br\/loja\/wp-json\/wp\/v2\/product_cat?post=18784"},{"taxonomy":"product_tag","embeddable":true,"href":"https:\/\/asbaratas.com.br\/loja\/wp-json\/wp\/v2\/product_tag?post=18784"}],"curies":[{"name":"wp","href":"https:\/\/api.w.org\/{rel}","templated":true}]}}