{"id":16745,"date":"2018-04-28T10:08:44","date_gmt":"2018-04-28T13:08:44","guid":{"rendered":"https:\/\/asbaratas.com.br\/loja\/?post_type=product&#038;p=16745"},"modified":"2026-04-17T19:32:47","modified_gmt":"2026-04-17T22:32:47","slug":"hate","status":"publish","type":"product","link":"https:\/\/asbaratas.com.br\/loja\/produto\/hate\/","title":{"rendered":"TIME to HATE"},"content":{"rendered":"<p>Elei\u00e7\u00f5es, crises pol\u00edticas, guerras iminentes, modinhas, redes sociais&#8230; Chegou a hora de odiar tudo isso, bastardos!<\/p>\n<p>Malha em 100% algod\u00e3o na cor preta com estampa em silk de alta qualidade.<\/p>\n<p>A taxa de encolhimento \u00e9 em m\u00e9dia 3% variando dos m\u00e9todos de lavagem.<\/p>\n<p>DICAS PARA SUA CAMISETA DURAR MUITO:<br \/>\n\u2022 LAVE COM \u00c1GUA FRIA<br \/>\n\u2022 PASSE ELA DO AVESSO<br \/>\n\u2022 N\u00c3O COLOQUE NA M\u00c1QUINA DE SECAR<br \/>\n\u2022 N\u00c3O DEIXE DE MOLHO<br \/>\n\u2022 SEMPRE SEQUE \u00c0 SOMBRA<\/p>\n<p>Arte por Felipe Coutinho<\/p>\n<p>As camisetas s\u00e3o despachadas em at\u00e9 3 dias \u00fateis.<\/p>\n","protected":false},"excerpt":{"rendered":"<p>Elei\u00e7\u00f5es, crises pol\u00edticas, guerras iminentes, modinhas, redes sociais&#8230; Chegou a hora de odiar tudo isso, bastardos! Malha em 100% algod\u00e3o na cor preta com estampa em silk de alta qualidade. A taxa de encolhimento \u00e9 em m\u00e9dia 3% variando dos m\u00e9todos de lavagem. DICAS PARA SUA CAMISETA DURAR MUITO: \u2022 LAVE COM \u00c1GUA FRIA \u2022 [&#8230;]\n","protected":false},"featured_media":16723,"comment_status":"open","ping_status":"closed","template":"","meta":[],"product_brand":[],"product_cat":[83],"product_tag":[1240,182,181,213,1143,320,1142,1147,183,1148,190,1140,1145,1149,1242,1139,1074,1137,1138,1144,598,1146,356],"class_list":{"0":"post-16745","1":"product","2":"type-product","3":"status-publish","4":"has-post-thumbnail","6":"product_cat-camiseta-reta","7":"product_tag-antifa","8":"product_tag-camisa","9":"product_tag-camiseta","10":"product_tag-cinema","11":"product_tag-coreia","12":"product_tag-dc","13":"product_tag-eleicoes","14":"product_tag-ellis","15":"product_tag-estampa","16":"product_tag-hate","17":"product_tag-hq","18":"product_tag-jerusalem","19":"product_tag-kim","20":"product_tag-odio","21":"product_tag-politic","22":"product_tag-spider","23":"product_tag-times","24":"product_tag-transmet","25":"product_tag-transmetropolitan","26":"product_tag-trump","27":"product_tag-vertigo","28":"product_tag-warren","29":"product_tag-world","30":"pa_artista-felipe-coutinho","31":"pa_cor-preto","32":"pa_tamanho-2g","33":"pa_tamanho-3g","34":"pa_tamanho-4g","35":"pa_tamanho-g","36":"pa_tamanho-m","37":"pa_tamanho-p","38":"pa_tema-HQ","39":"pa_tema-Parodia","40":"product_type-variable","41":"product_visibility-outofstock","77":"first","78":"outofstock","79":"shipping-taxable","80":"purchasable","81":"product-type-variable"},"_links":{"self":[{"href":"https:\/\/asbaratas.com.br\/loja\/wp-json\/wp\/v2\/product\/16745","targetHints":{"allow":["GET"]}}],"collection":[{"href":"https:\/\/asbaratas.com.br\/loja\/wp-json\/wp\/v2\/product"}],"about":[{"href":"https:\/\/asbaratas.com.br\/loja\/wp-json\/wp\/v2\/types\/product"}],"replies":[{"embeddable":true,"href":"https:\/\/asbaratas.com.br\/loja\/wp-json\/wp\/v2\/comments?post=16745"}],"wp:featuredmedia":[{"embeddable":true,"href":"https:\/\/asbaratas.com.br\/loja\/wp-json\/wp\/v2\/media\/16723"}],"wp:attachment":[{"href":"https:\/\/asbaratas.com.br\/loja\/wp-json\/wp\/v2\/media?parent=16745"}],"wp:term":[{"taxonomy":"product_brand","embeddable":true,"href":"https:\/\/asbaratas.com.br\/loja\/wp-json\/wp\/v2\/product_brand?post=16745"},{"taxonomy":"product_cat","embeddable":true,"href":"https:\/\/asbaratas.com.br\/loja\/wp-json\/wp\/v2\/product_cat?post=16745"},{"taxonomy":"product_tag","embeddable":true,"href":"https:\/\/asbaratas.com.br\/loja\/wp-json\/wp\/v2\/product_tag?post=16745"}],"curies":[{"name":"wp","href":"https:\/\/api.w.org\/{rel}","templated":true}]}}