{"id":14875,"date":"2018-03-14T17:21:47","date_gmt":"2018-03-14T20:21:47","guid":{"rendered":"https:\/\/asbaratas.com.br\/loja\/?post_type=product&#038;p=14875"},"modified":"2026-04-17T19:32:23","modified_gmt":"2026-04-17T22:32:23","slug":"qotsa","status":"publish","type":"product","link":"https:\/\/asbaratas.com.br\/loja\/produto\/qotsa\/","title":{"rendered":"QOTSA"},"content":{"rendered":"<p>Sinta a brisa do ver\u00e3o com essa camiseta feita para quem curte uma sonzeira sem contraindica\u00e7\u00e3o!<\/p>\n<p>Camiseta feita com nossa malha ver\u00e3o na cor azul e estampa com silk de alta qualidade.<\/p>\n<p>A taxa de encolhimento \u00e9 em m\u00e9dia 3% variando dos m\u00e9todos de lavagem.<\/p>\n<p>DICAS PARA SUA CAMISETA DURAR MUITO:<br \/>\n\u2022 LAVE COM \u00c1GUA FRIA<br \/>\n\u2022 PASSE ELA DO AVESSO<br \/>\n\u2022 N\u00c3O COLOQUE NA M\u00c1QUINA DE SECAR<br \/>\n\u2022 N\u00c3O DEIXE DE MOLHO<br \/>\n\u2022 SEMPRE SEQUE \u00c0 SOMBRA<\/p>\n<p>Arte por Tainan Rocha<\/p>\n<p>As camisetas s\u00e3o despachadas em at\u00e9 3 dias \u00fateis.<\/p>\n","protected":false},"excerpt":{"rendered":"<p>Sinta a brisa do ver\u00e3o com essa camiseta feita para quem curte uma sonzeira sem contraindica\u00e7\u00e3o! Camiseta feita com nossa malha ver\u00e3o na cor azul e estampa com silk de alta qualidade. A taxa de encolhimento \u00e9 em m\u00e9dia 3% variando dos m\u00e9todos de lavagem. DICAS PARA SUA CAMISETA DURAR MUITO: \u2022 LAVE COM \u00c1GUA [&#8230;]\n","protected":false},"featured_media":14830,"comment_status":"open","ping_status":"closed","template":"","meta":[],"product_brand":[],"product_cat":[83],"product_tag":[1128,182,181,830,183,1132,394,1133,1134,1131,1130,398,388,1048,1047,393,436,1126,199,1127,1129,1135],"class_list":{"0":"post-14875","1":"product","2":"type-product","3":"status-publish","4":"has-post-thumbnail","6":"product_cat-camiseta-reta","7":"product_tag-age","8":"product_tag-camisa","9":"product_tag-camiseta","10":"product_tag-cocaine","11":"product_tag-estampa","12":"product_tag-feel","13":"product_tag-ferias","14":"product_tag-good","15":"product_tag-hit","16":"product_tag-homme","17":"product_tag-josh","18":"product_tag-lenda","19":"product_tag-neco","20":"product_tag-pau","21":"product_tag-pica","22":"product_tag-praia","23":"product_tag-punk","24":"product_tag-queens","25":"product_tag-rock","26":"product_tag-stone","27":"product_tag-stoned","28":"product_tag-summer","29":"pa_artista-tainan","30":"pa_cor-azul","31":"pa_tamanho-2g","32":"pa_tamanho-3g","33":"pa_tamanho-4g","34":"pa_tamanho-g","35":"pa_tamanho-m","36":"pa_tamanho-p","37":"pa_tema-Humor","38":"pa_tema-Musica","39":"pa_tema-Parodia","40":"product_type-variable","41":"product_visibility-outofstock","77":"first","78":"outofstock","79":"shipping-taxable","80":"purchasable","81":"product-type-variable"},"_links":{"self":[{"href":"https:\/\/asbaratas.com.br\/loja\/wp-json\/wp\/v2\/product\/14875","targetHints":{"allow":["GET"]}}],"collection":[{"href":"https:\/\/asbaratas.com.br\/loja\/wp-json\/wp\/v2\/product"}],"about":[{"href":"https:\/\/asbaratas.com.br\/loja\/wp-json\/wp\/v2\/types\/product"}],"replies":[{"embeddable":true,"href":"https:\/\/asbaratas.com.br\/loja\/wp-json\/wp\/v2\/comments?post=14875"}],"wp:featuredmedia":[{"embeddable":true,"href":"https:\/\/asbaratas.com.br\/loja\/wp-json\/wp\/v2\/media\/14830"}],"wp:attachment":[{"href":"https:\/\/asbaratas.com.br\/loja\/wp-json\/wp\/v2\/media?parent=14875"}],"wp:term":[{"taxonomy":"product_brand","embeddable":true,"href":"https:\/\/asbaratas.com.br\/loja\/wp-json\/wp\/v2\/product_brand?post=14875"},{"taxonomy":"product_cat","embeddable":true,"href":"https:\/\/asbaratas.com.br\/loja\/wp-json\/wp\/v2\/product_cat?post=14875"},{"taxonomy":"product_tag","embeddable":true,"href":"https:\/\/asbaratas.com.br\/loja\/wp-json\/wp\/v2\/product_tag?post=14875"}],"curies":[{"name":"wp","href":"https:\/\/api.w.org\/{rel}","templated":true}]}}