{"id":14859,"date":"2018-03-14T17:04:25","date_gmt":"2018-03-14T20:04:25","guid":{"rendered":"https:\/\/asbaratas.com.br\/loja\/?post_type=product&#038;p=14859"},"modified":"2026-04-17T19:32:04","modified_gmt":"2026-04-17T22:32:04","slug":"lifetime","status":"publish","type":"product","link":"https:\/\/asbaratas.com.br\/loja\/produto\/lifetime\/","title":{"rendered":"LIFETIME"},"content":{"rendered":"<p>A vida imita arte, ou melhor a morte nos ensina sobre a vida nessa arte \u00fanica!<\/p>\n<p>Malha em 100% algod\u00e3o na cor preta com estampa em silk de alta qualidade.<\/p>\n<p>A taxa de encolhimento \u00e9 em m\u00e9dia 3% variando dos m\u00e9todos de lavagem.<\/p>\n<p>DICAS PARA SUA CAMISETA DURAR MUITO:<br \/>\n\u2022 LAVE COM \u00c1GUA FRIA<br \/>\n\u2022 PASSE ELA DO AVESSO<br \/>\n\u2022 N\u00c3O COLOQUE NA M\u00c1QUINA DE SECAR<br \/>\n\u2022 N\u00c3O DEIXE DE MOLHO<br \/>\n\u2022 SEMPRE SEQUE \u00c0 SOMBRA<\/p>\n<p>Arte por Mario Cau.<br \/>\nConhe\u00e7a seu trabalho em <a href=\"http:\/\/mariocau.blogspot.com.br\/\">http:\/\/mariocau.blogspot.com.br\/<\/a><\/p>\n<p>As camisetas s\u00e3o despachadas em at\u00e9 3 dias \u00fateis<\/p>\n","protected":false},"excerpt":{"rendered":"<p>A vida imita arte, ou melhor a morte nos ensina sobre a vida nessa arte \u00fanica! Malha em 100% algod\u00e3o na cor preta com estampa em silk de alta qualidade. A taxa de encolhimento \u00e9 em m\u00e9dia 3% variando dos m\u00e9todos de lavagem. DICAS PARA SUA CAMISETA DURAR MUITO: \u2022 LAVE COM \u00c1GUA FRIA \u2022 [&#8230;]\n","protected":false},"featured_media":14819,"comment_status":"open","ping_status":"closed","template":"","meta":[],"product_brand":[],"product_cat":[83],"product_tag":[182,181,1123,1112,320,815,813,814,809,812,183,190,1124,1122,667,963,1116,1117,810,807,808,1121,1115,1118,806,811,536,598],"class_list":{"0":"post-14859","1":"product","2":"type-product","3":"status-publish","4":"has-post-thumbnail","6":"product_cat-camiseta-reta","7":"product_tag-camisa","8":"product_tag-camiseta","9":"product_tag-cau","10":"product_tag-corintio","11":"product_tag-dc","12":"product_tag-delirio","13":"product_tag-desejo","14":"product_tag-desespero","15":"product_tag-destino","16":"product_tag-destruicao","17":"product_tag-estampa","18":"product_tag-hq","19":"product_tag-lifetime","20":"product_tag-mario","21":"product_tag-michelangelo","22":"product_tag-monstros","23":"product_tag-morfeu","24":"product_tag-morpheu","25":"product_tag-morte","26":"product_tag-neil-gaiman","27":"product_tag-neil-gayman","28":"product_tag-pieta","29":"product_tag-produz","30":"product_tag-pumpkinhead","31":"product_tag-sandman","32":"product_tag-sonho","33":"product_tag-terror","34":"product_tag-vertigo","35":"pa_artista-mariocau","36":"pa_cor-preto","37":"pa_tamanho-2g","38":"pa_tamanho-3g","39":"pa_tamanho-4g","40":"pa_tamanho-5g","41":"pa_tamanho-g","42":"pa_tamanho-m","43":"pa_tamanho-p","44":"pa_tamanho-pp","45":"pa_tema-HQ","46":"pa_tema-Mashup","47":"pa_tema-Parodia","48":"product_type-variable","92":"first","93":"instock","94":"shipping-taxable","95":"purchasable","96":"product-type-variable"},"_links":{"self":[{"href":"https:\/\/asbaratas.com.br\/loja\/wp-json\/wp\/v2\/product\/14859","targetHints":{"allow":["GET"]}}],"collection":[{"href":"https:\/\/asbaratas.com.br\/loja\/wp-json\/wp\/v2\/product"}],"about":[{"href":"https:\/\/asbaratas.com.br\/loja\/wp-json\/wp\/v2\/types\/product"}],"replies":[{"embeddable":true,"href":"https:\/\/asbaratas.com.br\/loja\/wp-json\/wp\/v2\/comments?post=14859"}],"wp:featuredmedia":[{"embeddable":true,"href":"https:\/\/asbaratas.com.br\/loja\/wp-json\/wp\/v2\/media\/14819"}],"wp:attachment":[{"href":"https:\/\/asbaratas.com.br\/loja\/wp-json\/wp\/v2\/media?parent=14859"}],"wp:term":[{"taxonomy":"product_brand","embeddable":true,"href":"https:\/\/asbaratas.com.br\/loja\/wp-json\/wp\/v2\/product_brand?post=14859"},{"taxonomy":"product_cat","embeddable":true,"href":"https:\/\/asbaratas.com.br\/loja\/wp-json\/wp\/v2\/product_cat?post=14859"},{"taxonomy":"product_tag","embeddable":true,"href":"https:\/\/asbaratas.com.br\/loja\/wp-json\/wp\/v2\/product_tag?post=14859"}],"curies":[{"name":"wp","href":"https:\/\/api.w.org\/{rel}","templated":true}]}}