{"id":14843,"date":"2018-03-14T16:33:02","date_gmt":"2018-03-14T19:33:02","guid":{"rendered":"https:\/\/asbaratas.com.br\/loja\/?post_type=product&#038;p=14843"},"modified":"2026-04-04T12:54:06","modified_gmt":"2026-04-04T15:54:06","slug":"sweet_dreams","status":"publish","type":"product","link":"https:\/\/asbaratas.com.br\/loja\/produto\/sweet_dreams\/","title":{"rendered":"SWEET DREAMS"},"content":{"rendered":"<p>Fazendo um mashup com a obra de Goya &#8220;O sono da raz\u00e3o produz monstros&#8221; encaixamos as maiores refer\u00eancias poss\u00edveis misturando conceitos, m\u00fasica e arte tal qual essa grande obra dos quadrinhos que \u00e9 Sandman!<\/p>\n<p>Malha em 100% algod\u00e3o na cor preta com estampa em silk de alta qualidade.<\/p>\n<p>A taxa de encolhimento \u00e9 em m\u00e9dia 3% variando dos m\u00e9todos de lavagem.<\/p>\n<p>DICAS PARA SUA CAMISETA DURAR MUITO:<br \/>\n\u2022 LAVE COM \u00c1GUA FRIA<br \/>\n\u2022 PASSE ELA DO AVESSO<br \/>\n\u2022 N\u00c3O COLOQUE NA M\u00c1QUINA DE SECAR<br \/>\n\u2022 N\u00c3O DEIXE DE MOLHO<br \/>\n\u2022 SEMPRE SEQUE \u00c0 SOMBRA<\/p>\n<p>Arte por\u00a0Pedro Pedrada.<br \/>\nConhe\u00e7a seu trabalho em http:\/\/www.flickr.com\/photos\/pedrada<\/p>\n<p>As camisetas s\u00e3o despachadas em at\u00e9 3 dias \u00fateis.<\/p>\n","protected":false},"excerpt":{"rendered":"<p>Fazendo um mashup com a obra de Goya &#8220;O sono da raz\u00e3o produz monstros&#8221; encaixamos as maiores refer\u00eancias poss\u00edveis misturando conceitos, m\u00fasica e arte tal qual essa grande obra dos quadrinhos que \u00e9 Sandman! Malha em 100% algod\u00e3o na cor preta com estampa em silk de alta qualidade. A taxa de encolhimento \u00e9 em m\u00e9dia [&#8230;]\n","protected":false},"featured_media":14815,"comment_status":"open","ping_status":"closed","template":"","meta":[],"product_brand":[],"product_cat":[83],"product_tag":[182,181,1112,320,815,813,814,809,812,183,1113,190,963,1116,1117,810,807,808,805,1115,1118,1114,806,811,536,598],"class_list":{"0":"post-14843","1":"product","2":"type-product","3":"status-publish","4":"has-post-thumbnail","6":"product_cat-camiseta-reta","7":"product_tag-camisa","8":"product_tag-camiseta","9":"product_tag-corintio","10":"product_tag-dc","11":"product_tag-delirio","12":"product_tag-desejo","13":"product_tag-desespero","14":"product_tag-destino","15":"product_tag-destruicao","16":"product_tag-estampa","17":"product_tag-goya","18":"product_tag-hq","19":"product_tag-monstros","20":"product_tag-morfeu","21":"product_tag-morpheu","22":"product_tag-morte","23":"product_tag-neil-gaiman","24":"product_tag-neil-gayman","25":"product_tag-pedro-pedrada","26":"product_tag-produz","27":"product_tag-pumpkinhead","28":"product_tag-razao","29":"product_tag-sandman","30":"product_tag-sonho","31":"product_tag-terror","32":"product_tag-vertigo","33":"pa_artista-pedrada","34":"pa_cor-preto","35":"pa_tamanho-2g","36":"pa_tamanho-3g","37":"pa_tamanho-4g","38":"pa_tamanho-5g","39":"pa_tamanho-g","40":"pa_tamanho-m","41":"pa_tamanho-p","42":"pa_tamanho-pp","43":"pa_tema-Cinema","44":"pa_tema-HQ","45":"pa_tema-Mashup","46":"pa_tema-Parodia","47":"product_type-variable","90":"first","91":"instock","92":"shipping-taxable","93":"purchasable","94":"product-type-variable"},"_links":{"self":[{"href":"https:\/\/asbaratas.com.br\/loja\/wp-json\/wp\/v2\/product\/14843","targetHints":{"allow":["GET"]}}],"collection":[{"href":"https:\/\/asbaratas.com.br\/loja\/wp-json\/wp\/v2\/product"}],"about":[{"href":"https:\/\/asbaratas.com.br\/loja\/wp-json\/wp\/v2\/types\/product"}],"replies":[{"embeddable":true,"href":"https:\/\/asbaratas.com.br\/loja\/wp-json\/wp\/v2\/comments?post=14843"}],"wp:featuredmedia":[{"embeddable":true,"href":"https:\/\/asbaratas.com.br\/loja\/wp-json\/wp\/v2\/media\/14815"}],"wp:attachment":[{"href":"https:\/\/asbaratas.com.br\/loja\/wp-json\/wp\/v2\/media?parent=14843"}],"wp:term":[{"taxonomy":"product_brand","embeddable":true,"href":"https:\/\/asbaratas.com.br\/loja\/wp-json\/wp\/v2\/product_brand?post=14843"},{"taxonomy":"product_cat","embeddable":true,"href":"https:\/\/asbaratas.com.br\/loja\/wp-json\/wp\/v2\/product_cat?post=14843"},{"taxonomy":"product_tag","embeddable":true,"href":"https:\/\/asbaratas.com.br\/loja\/wp-json\/wp\/v2\/product_tag?post=14843"}],"curies":[{"name":"wp","href":"https:\/\/api.w.org\/{rel}","templated":true}]}}