{"id":14796,"date":"2018-03-13T19:33:27","date_gmt":"2018-03-13T22:33:27","guid":{"rendered":"https:\/\/asbaratas.com.br\/loja\/?post_type=product&#038;p=14796"},"modified":"2026-04-17T19:32:19","modified_gmt":"2026-04-17T22:32:19","slug":"petardo","status":"publish","type":"product","link":"https:\/\/asbaratas.com.br\/loja\/produto\/petardo\/","title":{"rendered":"PETARDO"},"content":{"rendered":"<p>\u00c9 um p\u00e1ssaro? \u00c9 um avi\u00e3o? N\u00e3o, \u00e9 um PETARDO!<\/p>\n<p>A segunda camiseta oficial do Pipoca &amp; Nanquim retorna em novo tecido e na cor azul caracter\u00edstica do Superman.<\/p>\n<p>Camiseta feita com nossa malha ver\u00e3o, que \u00e9 mais leve para o dia-a-dia e tem um caimento um pouco mais leve. Composi\u00e7\u00e3o 50% algod\u00e3o e 50% poli\u00e9ster, na cor azul-mescla e estampa com silk de alta qualidade.<\/p>\n<p>A taxa de encolhimento \u00e9 em m\u00e9dia 3% variando dos m\u00e9todos de lavagem.<\/p>\n<p>DICAS PARA SUA CAMISETA DURAR MUITO:<br \/>\n\u2022 LAVE COM \u00c1GUA FRIA<br \/>\n\u2022 PASSE ELA DO AVESSO<br \/>\n\u2022 N\u00c3O COLOQUE NA M\u00c1QUINA DE SECAR<br \/>\n\u2022 N\u00c3O DEIXE DE MOLHO<br \/>\n\u2022 SEMPRE SEQUE \u00c0 SOMBRA<\/p>\n<p>Arte por Leopoldo Alves<\/p>\n<p>As camisetas s\u00e3o despachadas em at\u00e9 3 dias \u00fateis.<\/p>\n","protected":false},"excerpt":{"rendered":"<p>\u00c9 um p\u00e1ssaro? \u00c9 um avi\u00e3o? N\u00e3o, \u00e9 um PETARDO! A segunda camiseta oficial do Pipoca &amp; Nanquim retorna em novo tecido e na cor azul caracter\u00edstica do Superman. Camiseta feita com nossa malha ver\u00e3o, que \u00e9 mais leve para o dia-a-dia e tem um caimento um pouco mais leve. Composi\u00e7\u00e3o 50% algod\u00e3o e 50% [&#8230;]\n","protected":false},"featured_media":64167,"comment_status":"open","ping_status":"closed","template":"","meta":[],"product_brand":[],"product_cat":[83],"product_tag":[1109,221,1104,1111,182,181,213,1106,1110,320,319,183,326,190,325,1107,1108,1101,1102,1100,1103,259,328,324,327,851,850,1105],"class_list":{"0":"post-14796","1":"product","2":"type-product","3":"status-publish","4":"has-post-thumbnail","6":"product_cat-camiseta-reta","7":"product_tag-alexandre","8":"product_tag-animacao","9":"product_tag-bruno","10":"product_tag-callari","11":"product_tag-camisa","12":"product_tag-camiseta","13":"product_tag-cinema","14":"product_tag-daniel","15":"product_tag-danielzinho","16":"product_tag-dc","17":"product_tag-desenho-animado","18":"product_tag-estampa","19":"product_tag-heroi","20":"product_tag-hq","21":"product_tag-logo","22":"product_tag-lopes","23":"product_tag-lopez","24":"product_tag-nanquim","25":"product_tag-petardo","26":"product_tag-pipoca","27":"product_tag-piroca","28":"product_tag-serie-de-tv","29":"product_tag-shinkoheo","30":"product_tag-simbolo","31":"product_tag-super-heroi","32":"product_tag-super-homem","33":"product_tag-superman","34":"product_tag-zago","35":"pa_artista-leopoldo","36":"pa_artista-pn","37":"pa_cor-azul-escuro","38":"pa_tamanho-2g","39":"pa_tamanho-3g","40":"pa_tamanho-4g","41":"pa_tamanho-5g","42":"pa_tamanho-g","43":"pa_tamanho-m","44":"pa_tamanho-p","45":"pa_tema-Cinema","46":"pa_tema-HQ","47":"pa_tema-Humor","48":"pa_tema-Mashup","49":"pa_tema-oficial","50":"pa_tema-Podcast","51":"pa_tema-Televisao","52":"product_type-variable","53":"product_visibility-outofstock","101":"first","102":"outofstock","103":"shipping-taxable","104":"purchasable","105":"product-type-variable"},"_links":{"self":[{"href":"https:\/\/asbaratas.com.br\/loja\/wp-json\/wp\/v2\/product\/14796","targetHints":{"allow":["GET"]}}],"collection":[{"href":"https:\/\/asbaratas.com.br\/loja\/wp-json\/wp\/v2\/product"}],"about":[{"href":"https:\/\/asbaratas.com.br\/loja\/wp-json\/wp\/v2\/types\/product"}],"replies":[{"embeddable":true,"href":"https:\/\/asbaratas.com.br\/loja\/wp-json\/wp\/v2\/comments?post=14796"}],"wp:featuredmedia":[{"embeddable":true,"href":"https:\/\/asbaratas.com.br\/loja\/wp-json\/wp\/v2\/media\/64167"}],"wp:attachment":[{"href":"https:\/\/asbaratas.com.br\/loja\/wp-json\/wp\/v2\/media?parent=14796"}],"wp:term":[{"taxonomy":"product_brand","embeddable":true,"href":"https:\/\/asbaratas.com.br\/loja\/wp-json\/wp\/v2\/product_brand?post=14796"},{"taxonomy":"product_cat","embeddable":true,"href":"https:\/\/asbaratas.com.br\/loja\/wp-json\/wp\/v2\/product_cat?post=14796"},{"taxonomy":"product_tag","embeddable":true,"href":"https:\/\/asbaratas.com.br\/loja\/wp-json\/wp\/v2\/product_tag?post=14796"}],"curies":[{"name":"wp","href":"https:\/\/api.w.org\/{rel}","templated":true}]}}