{"id":12601,"date":"2017-12-25T22:31:00","date_gmt":"2017-12-26T00:31:00","guid":{"rendered":"https:\/\/asbaratas.com.br\/loja\/?post_type=product&#038;p=12601"},"modified":"2026-04-17T19:32:48","modified_gmt":"2026-04-17T22:32:48","slug":"tinco_masc","status":"publish","type":"product","link":"https:\/\/asbaratas.com.br\/loja\/produto\/tinco_masc\/","title":{"rendered":"TINCO"},"content":{"rendered":"<p>Camiseta oficial do jogo de cartas Tinco!<\/p>\n<p>Malha em 100% algod\u00e3o na cor creme com estampa em silk de alta qualidade.<\/p>\n<p>A taxa de encolhimento \u00e9 em m\u00e9dia 3% variando dos m\u00e9todos de lavagem.<\/p>\n<p>DICAS PARA SUA CAMISETA DURAR MUITO:<br \/>\n\u2022 LAVE COM \u00c1GUA FRIA<br \/>\n\u2022 PASSE ELA DO AVESSO<br \/>\n\u2022 N\u00c3O COLOQUE NA M\u00c1QUINA DE SECAR<br \/>\n\u2022 N\u00c3O DEIXE DE MOLHO<br \/>\n\u2022 SEMPRE SEQUE \u00c0 SOMBRA<\/p>\n<p>Arte por Benson Chin<\/p>\n<p>As camisetas s\u00e3o despachadas em at\u00e9 3 dias \u00fateis.<\/p>\n","protected":false},"excerpt":{"rendered":"<p>Camiseta oficial do jogo de cartas Tinco! Malha em 100% algod\u00e3o na cor creme com estampa em silk de alta qualidade. A taxa de encolhimento \u00e9 em m\u00e9dia 3% variando dos m\u00e9todos de lavagem. DICAS PARA SUA CAMISETA DURAR MUITO: \u2022 LAVE COM \u00c1GUA FRIA \u2022 PASSE ELA DO AVESSO \u2022 N\u00c3O COLOQUE NA M\u00c1QUINA [&#8230;]\n","protected":false},"featured_media":12498,"comment_status":"open","ping_status":"closed","template":"","meta":[],"product_brand":[],"product_cat":[83],"product_tag":[1099,182,181,1098,1097,183,268,716,1096],"class_list":{"0":"post-12601","1":"product","2":"type-product","3":"status-publish","4":"has-post-thumbnail","6":"product_cat-camiseta-reta","7":"product_tag-baralho","8":"product_tag-camisa","9":"product_tag-camiseta","10":"product_tag-card","11":"product_tag-devir","12":"product_tag-estampa","13":"product_tag-game","14":"product_tag-jogo","15":"product_tag-tinco","16":"pa_artista-bensonchin","17":"pa_cor-creme","18":"pa_tamanho-2g","19":"pa_tamanho-3g","20":"pa_tamanho-4g","21":"pa_tamanho-g","22":"pa_tamanho-m","23":"pa_tamanho-p","24":"pa_tema-Games","25":"pa_tema-oficial","26":"product_type-variable","27":"product_visibility-outofstock","49":"first","50":"outofstock","51":"shipping-taxable","52":"purchasable","53":"product-type-variable"},"_links":{"self":[{"href":"https:\/\/asbaratas.com.br\/loja\/wp-json\/wp\/v2\/product\/12601","targetHints":{"allow":["GET"]}}],"collection":[{"href":"https:\/\/asbaratas.com.br\/loja\/wp-json\/wp\/v2\/product"}],"about":[{"href":"https:\/\/asbaratas.com.br\/loja\/wp-json\/wp\/v2\/types\/product"}],"replies":[{"embeddable":true,"href":"https:\/\/asbaratas.com.br\/loja\/wp-json\/wp\/v2\/comments?post=12601"}],"wp:featuredmedia":[{"embeddable":true,"href":"https:\/\/asbaratas.com.br\/loja\/wp-json\/wp\/v2\/media\/12498"}],"wp:attachment":[{"href":"https:\/\/asbaratas.com.br\/loja\/wp-json\/wp\/v2\/media?parent=12601"}],"wp:term":[{"taxonomy":"product_brand","embeddable":true,"href":"https:\/\/asbaratas.com.br\/loja\/wp-json\/wp\/v2\/product_brand?post=12601"},{"taxonomy":"product_cat","embeddable":true,"href":"https:\/\/asbaratas.com.br\/loja\/wp-json\/wp\/v2\/product_cat?post=12601"},{"taxonomy":"product_tag","embeddable":true,"href":"https:\/\/asbaratas.com.br\/loja\/wp-json\/wp\/v2\/product_tag?post=12601"}],"curies":[{"name":"wp","href":"https:\/\/api.w.org\/{rel}","templated":true}]}}