{"id":12567,"date":"2017-12-25T21:26:12","date_gmt":"2017-12-25T23:26:12","guid":{"rendered":"https:\/\/asbaratas.com.br\/loja\/?post_type=product&#038;p=12567"},"modified":"2026-04-17T19:31:54","modified_gmt":"2026-04-17T22:31:54","slug":"infinite_crisis","status":"publish","type":"product","link":"https:\/\/asbaratas.com.br\/loja\/produto\/infinite_crisis\/","title":{"rendered":"INFINITE CRISIS"},"content":{"rendered":"<p>O espa\u00e7o tempo do futuro-pret\u00e9rito-maluco est\u00e1 em crise em todas dimens\u00f5es do salimenaverso!<\/p>\n<p>Malha em 100% algod\u00e3o na cor azul cobalto com estampa em silk de alta qualidade.<\/p>\n<p>A taxa de encolhimento \u00e9 em m\u00e9dia 3% variando dos m\u00e9todos de lavagem.<\/p>\n<p>DICAS PARA SUA CAMISETA DURAR MUITO:<br \/>\n\u2022 LAVE COM \u00c1GUA FRIA<br \/>\n\u2022 PASSE ELA DO AVESSO<br \/>\n\u2022 N\u00c3O COLOQUE NA M\u00c1QUINA DE SECAR<br \/>\n\u2022 N\u00c3O DEIXE DE MOLHO<br \/>\n\u2022 SEMPRE SEQUE \u00c0 SOMBRA<\/p>\n<p>Arte por Raphael Salimena<\/p>\n<p>As camisetas s\u00e3o despachadas em at\u00e9 3 dias \u00fateis.<\/p>\n","protected":false},"excerpt":{"rendered":"<p>O espa\u00e7o tempo do futuro-pret\u00e9rito-maluco est\u00e1 em crise em todas dimens\u00f5es do salimenaverso! Malha em 100% algod\u00e3o na cor azul cobalto com estampa em silk de alta qualidade. A taxa de encolhimento \u00e9 em m\u00e9dia 3% variando dos m\u00e9todos de lavagem. DICAS PARA SUA CAMISETA DURAR MUITO: \u2022 LAVE COM \u00c1GUA FRIA \u2022 PASSE ELA [&#8230;]\n","protected":false},"featured_media":12387,"comment_status":"open","ping_status":"closed","template":"","meta":[],"product_brand":[],"product_cat":[83],"product_tag":[182,181,213,1082,1087,1090,294,1089,183,212,290,254,184,292,291,293,300,299,1085,286,1084,1083,297,295,287,296,1086,289,1088,298],"class_list":{"0":"post-12567","1":"product","2":"type-product","3":"status-publish","4":"has-post-thumbnail","6":"product_cat-camiseta-reta","7":"product_tag-camisa","8":"product_tag-camiseta","9":"product_tag-cinema","10":"product_tag-crisis","11":"product_tag-doctor","12":"product_tag-doidera","13":"product_tag-doutor","14":"product_tag-dr","15":"product_tag-estampa","16":"product_tag-filme","17":"product_tag-futuro","18":"product_tag-george-lucas","19":"product_tag-ilustracao","20":"product_tag-marty","21":"product_tag-marty-mcfly","22":"product_tag-mcfly","23":"product_tag-mi","24":"product_tag-michael-j-fox","25":"product_tag-morty","26":"product_tag-paulo","27":"product_tag-rick","28":"product_tag-ricky","29":"product_tag-robert","30":"product_tag-robert-zemeckis","31":"product_tag-rocker","32":"product_tag-steven-spielbg","33":"product_tag-tardis","34":"product_tag-volta","35":"product_tag-who","36":"product_tag-zemeckis","37":"pa_artista-salimena","38":"pa_cor-azul-escuro","39":"pa_tamanho-2g","40":"pa_tamanho-3g","41":"pa_tamanho-4g","42":"pa_tamanho-g","43":"pa_tamanho-m","44":"pa_tamanho-p","45":"pa_tema-DesenhoAnimado","46":"pa_tema-Humor","47":"pa_tema-Mashup","48":"pa_tema-Parodia","49":"pa_tema-series","50":"pa_tema-Televisao","51":"product_type-variable","52":"product_visibility-outofstock","92":"pa_tema-Desenho Animado","99":"first","100":"outofstock","101":"shipping-taxable","102":"purchasable","103":"product-type-variable"},"_links":{"self":[{"href":"https:\/\/asbaratas.com.br\/loja\/wp-json\/wp\/v2\/product\/12567","targetHints":{"allow":["GET"]}}],"collection":[{"href":"https:\/\/asbaratas.com.br\/loja\/wp-json\/wp\/v2\/product"}],"about":[{"href":"https:\/\/asbaratas.com.br\/loja\/wp-json\/wp\/v2\/types\/product"}],"replies":[{"embeddable":true,"href":"https:\/\/asbaratas.com.br\/loja\/wp-json\/wp\/v2\/comments?post=12567"}],"wp:featuredmedia":[{"embeddable":true,"href":"https:\/\/asbaratas.com.br\/loja\/wp-json\/wp\/v2\/media\/12387"}],"wp:attachment":[{"href":"https:\/\/asbaratas.com.br\/loja\/wp-json\/wp\/v2\/media?parent=12567"}],"wp:term":[{"taxonomy":"product_brand","embeddable":true,"href":"https:\/\/asbaratas.com.br\/loja\/wp-json\/wp\/v2\/product_brand?post=12567"},{"taxonomy":"product_cat","embeddable":true,"href":"https:\/\/asbaratas.com.br\/loja\/wp-json\/wp\/v2\/product_cat?post=12567"},{"taxonomy":"product_tag","embeddable":true,"href":"https:\/\/asbaratas.com.br\/loja\/wp-json\/wp\/v2\/product_tag?post=12567"}],"curies":[{"name":"wp","href":"https:\/\/api.w.org\/{rel}","templated":true}]}}