{"id":12553,"date":"2017-12-25T21:08:21","date_gmt":"2017-12-25T23:08:21","guid":{"rendered":"https:\/\/asbaratas.com.br\/loja\/?post_type=product&#038;p=12553"},"modified":"2026-04-17T19:31:31","modified_gmt":"2026-04-17T22:31:31","slug":"cybercop","status":"publish","type":"product","link":"https:\/\/asbaratas.com.br\/loja\/produto\/cybercop\/","title":{"rendered":"CYBERCOP"},"content":{"rendered":"<p>A equipe de policiais do futuro tem sua farda, assim como os f\u00e3s dessa s\u00e9rie que deixou saudades.<\/p>\n<p>Malha em 100% algod\u00e3o na cor preta com estampa em silk de alta qualidade.<\/p>\n<p>A taxa de encolhimento \u00e9 em m\u00e9dia 3% variando dos m\u00e9todos de lavagem.<\/p>\n<p>DICAS PARA SUA CAMISETA DURAR MUITO:<br \/>\n\u2022 LAVE COM \u00c1GUA FRIA<br \/>\n\u2022 PASSE ELA DO AVESSO<br \/>\n\u2022 N\u00c3O COLOQUE NA M\u00c1QUINA DE SECAR<br \/>\n\u2022 N\u00c3O DEIXE DE MOLHO<br \/>\n\u2022 SEMPRE SEQUE \u00c0 SOMBRA<\/p>\n<p>Arte por Alexandre Carvalho<\/p>\n<p>As camisetas s\u00e3o despachadas em at\u00e9 3 dias \u00fateis.<\/p>\n","protected":false},"excerpt":{"rendered":"<p>A equipe de policiais do futuro tem sua farda, assim como os f\u00e3s dessa s\u00e9rie que deixou saudades. Malha em 100% algod\u00e3o na cor preta com estampa em silk de alta qualidade. A taxa de encolhimento \u00e9 em m\u00e9dia 3% variando dos m\u00e9todos de lavagem. DICAS PARA SUA CAMISETA DURAR MUITO: \u2022 LAVE COM \u00c1GUA [&#8230;]\n","protected":false},"featured_media":12392,"comment_status":"open","ping_status":"closed","template":"","meta":[],"product_brand":[],"product_cat":[83],"product_tag":[182,181,1080,1081,183,326,222,223,368,259,262,360,639,1079],"class_list":{"0":"post-12553","1":"product","2":"type-product","3":"status-publish","4":"has-post-thumbnail","6":"product_cat-camiseta-reta","7":"product_tag-camisa","8":"product_tag-camiseta","9":"product_tag-cybercop","10":"product_tag-cybercops","11":"product_tag-estampa","12":"product_tag-heroi","13":"product_tag-japao","14":"product_tag-japones","15":"product_tag-manchete","16":"product_tag-serie-de-tv","17":"product_tag-televisao","18":"product_tag-tokusatsu","19":"product_tag-tv","20":"product_tag-zac","21":"pa_artista-alexandre-carvalho","22":"pa_cor-preto","23":"pa_tamanho-2g","24":"pa_tamanho-3g","25":"pa_tamanho-4g","26":"pa_tamanho-5g","27":"pa_tamanho-g","28":"pa_tamanho-m","29":"pa_tamanho-p","30":"pa_tamanho-pp","31":"pa_tema-Mashup","32":"pa_tema-Oriental","33":"pa_tema-Parodia","34":"pa_tema-series","35":"pa_tema-Televisao","36":"product_type-variable","68":"first","69":"instock","70":"shipping-taxable","71":"purchasable","72":"product-type-variable"},"_links":{"self":[{"href":"https:\/\/asbaratas.com.br\/loja\/wp-json\/wp\/v2\/product\/12553","targetHints":{"allow":["GET"]}}],"collection":[{"href":"https:\/\/asbaratas.com.br\/loja\/wp-json\/wp\/v2\/product"}],"about":[{"href":"https:\/\/asbaratas.com.br\/loja\/wp-json\/wp\/v2\/types\/product"}],"replies":[{"embeddable":true,"href":"https:\/\/asbaratas.com.br\/loja\/wp-json\/wp\/v2\/comments?post=12553"}],"wp:featuredmedia":[{"embeddable":true,"href":"https:\/\/asbaratas.com.br\/loja\/wp-json\/wp\/v2\/media\/12392"}],"wp:attachment":[{"href":"https:\/\/asbaratas.com.br\/loja\/wp-json\/wp\/v2\/media?parent=12553"}],"wp:term":[{"taxonomy":"product_brand","embeddable":true,"href":"https:\/\/asbaratas.com.br\/loja\/wp-json\/wp\/v2\/product_brand?post=12553"},{"taxonomy":"product_cat","embeddable":true,"href":"https:\/\/asbaratas.com.br\/loja\/wp-json\/wp\/v2\/product_cat?post=12553"},{"taxonomy":"product_tag","embeddable":true,"href":"https:\/\/asbaratas.com.br\/loja\/wp-json\/wp\/v2\/product_tag?post=12553"}],"curies":[{"name":"wp","href":"https:\/\/api.w.org\/{rel}","templated":true}]}}