{"id":12437,"date":"2017-12-22T00:50:36","date_gmt":"2017-12-22T02:50:36","guid":{"rendered":"https:\/\/asbaratas.com.br\/loja\/?post_type=product&#038;p=12437"},"modified":"2025-12-21T01:50:04","modified_gmt":"2025-12-21T04:50:04","slug":"jack-kirby-fem","status":"publish","type":"product","link":"https:\/\/asbaratas.com.br\/loja\/produto\/jack-kirby-fem\/","title":{"rendered":"JACK KIRBY"},"content":{"rendered":"<p>A camiseta definitiva do criador de deuses das HQs!<\/p>\n<p>Malha em 100% algod\u00e3o na azul marinho com estampa em silk de alta qualidade.<\/p>\n<p>A taxa de encolhimento \u00e9 em m\u00e9dia 3% variando dos m\u00e9todos de lavagem.<\/p>\n<p>DICAS PARA SUA CAMISETA DURAR MUITO:<br \/>\n\u2022 LAVE COM \u00c1GUA FRIA<br \/>\n\u2022 PASSE ELA DO AVESSO<br \/>\n\u2022 N\u00c3O COLOQUE NA M\u00c1QUINA DE SECAR<br \/>\n\u2022 N\u00c3O DEIXE DE MOLHO<br \/>\n\u2022 SEMPRE SEQUE \u00c0 SOMBRA<\/p>\n<p>Arte por\u00a0Caio Oliveira<\/p>\n<p>As camisetas s\u00e3o despachadas em at\u00e9 3 dias \u00fateis.<\/p>\n","protected":false},"excerpt":{"rendered":"<p>A camiseta definitiva do criador de deuses das HQs! Malha em 100% algod\u00e3o na azul marinho com estampa em silk de alta qualidade. A taxa de encolhimento \u00e9 em m\u00e9dia 3% variando dos m\u00e9todos de lavagem. DICAS PARA SUA CAMISETA DURAR MUITO: \u2022 LAVE COM \u00c1GUA FRIA \u2022 PASSE ELA DO AVESSO \u2022 N\u00c3O COLOQUE [&#8230;]\n","protected":false},"featured_media":12500,"comment_status":"open","ping_status":"closed","template":"","meta":[],"product_brand":[],"product_cat":[72,74],"product_tag":[229,232,226,225,182,181,194,183,195,191,190,184,1036,1038,935,1039,1037,234,233,227,193,228,236,235,237,239],"class_list":{"0":"post-12437","1":"product","2":"type-product","3":"status-publish","4":"has-post-thumbnail","6":"product_cat-feminina","7":"product_cat-mullet","8":"product_tag-alan-moore","9":"product_tag-allan","10":"product_tag-caio","11":"product_tag-caio-oliveira","12":"product_tag-camisa","13":"product_tag-camiseta","14":"product_tag-comics","15":"product_tag-estampa","16":"product_tag-gibi","17":"product_tag-historia-em-quadrinhos","18":"product_tag-hq","19":"product_tag-ilustracao","20":"product_tag-jack","21":"product_tag-jack-kirby","22":"product_tag-king","23":"product_tag-king-kirby","24":"product_tag-kirby","25":"product_tag-mago","26":"product_tag-moore","27":"product_tag-oliveira","28":"product_tag-quadrinhos","29":"product_tag-revista-em-quadrinhos","30":"product_tag-v","31":"product_tag-v-de-vinganca","32":"product_tag-vinganca","33":"product_tag-watchmen","34":"pa_artista-caio_oliveira","35":"pa_cor-azul-escuro","36":"pa_tamanho-2g","37":"pa_tamanho-3g","38":"pa_tamanho-4g","39":"pa_tamanho-g","40":"pa_tamanho-m","41":"pa_tamanho-p","42":"pa_tema-HQ","43":"product_type-variable","82":"first","83":"instock","84":"shipping-taxable","85":"purchasable","86":"product-type-variable"},"_links":{"self":[{"href":"https:\/\/asbaratas.com.br\/loja\/wp-json\/wp\/v2\/product\/12437","targetHints":{"allow":["GET"]}}],"collection":[{"href":"https:\/\/asbaratas.com.br\/loja\/wp-json\/wp\/v2\/product"}],"about":[{"href":"https:\/\/asbaratas.com.br\/loja\/wp-json\/wp\/v2\/types\/product"}],"replies":[{"embeddable":true,"href":"https:\/\/asbaratas.com.br\/loja\/wp-json\/wp\/v2\/comments?post=12437"}],"wp:featuredmedia":[{"embeddable":true,"href":"https:\/\/asbaratas.com.br\/loja\/wp-json\/wp\/v2\/media\/12500"}],"wp:attachment":[{"href":"https:\/\/asbaratas.com.br\/loja\/wp-json\/wp\/v2\/media?parent=12437"}],"wp:term":[{"taxonomy":"product_brand","embeddable":true,"href":"https:\/\/asbaratas.com.br\/loja\/wp-json\/wp\/v2\/product_brand?post=12437"},{"taxonomy":"product_cat","embeddable":true,"href":"https:\/\/asbaratas.com.br\/loja\/wp-json\/wp\/v2\/product_cat?post=12437"},{"taxonomy":"product_tag","embeddable":true,"href":"https:\/\/asbaratas.com.br\/loja\/wp-json\/wp\/v2\/product_tag?post=12437"}],"curies":[{"name":"wp","href":"https:\/\/api.w.org\/{rel}","templated":true}]}}