{"id":100278,"date":"2026-05-15T20:53:21","date_gmt":"2026-05-15T23:53:21","guid":{"rendered":"https:\/\/asbaratas.com.br\/loja\/?post_type=product&#038;p=100278"},"modified":"2026-05-15T22:46:41","modified_gmt":"2026-05-16T01:46:41","slug":"xdocontrole","status":"publish","type":"product","link":"https:\/\/asbaratas.com.br\/loja\/produto\/xdocontrole\/","title":{"rendered":"O X do Controle &#8211; PR\u00c9-VENDA"},"content":{"rendered":"<p>Camiseta oficial do podcast O X do Controle!<\/p>\n<p>Collab sensacional com um dos podcasts mais importantes da cena de not\u00edcias de games da atualidade! Mais que ser um apoiador do projeto \u00e9 vestir a camiseta com essa bela ilustra\u00e7\u00e3o de Victor Kahn que capta toda a vibe do papo do podcast!<\/p>\n<p>* Cabo HDMI de 5 metros n\u00e3o incluso.<\/p>\n<p>&nbsp;<\/p>\n<p>Envios a partir de 12 de JULHO!<\/p>\n<p>Todos produtos adquiridos junto com esse ser\u00e3o enviados juntos quando chegarem os produtos em pr\u00e9-venda.<\/p>\n<p>&nbsp;<\/p>\n<p>Camiseta na malha preta 100% algod\u00e3o com estampa em silk de alta qualidade!<\/p>\n<p>&nbsp;<\/p>\n<p>DICAS PARA SUA CAMISETA DURAR MUITO:<br \/>\n\u2022 LAVE COM \u00c1GUA FRIA<br \/>\n\u2022 PASSE ELA DO AVESSO<br \/>\n\u2022 N\u00c3O COLOQUE NA M\u00c1QUINA DE SECAR<br \/>\n\u2022 N\u00c3O DEIXE DE MOLHO<br \/>\n\u2022 SEMPRE SEQUE \u00c0 SOMBRA<\/p>\n<p>A taxa de encolhimento \u00e9 em m\u00e9dia 3% variando dos m\u00e9todos de lavagem.<\/p>\n<p>&nbsp;<\/p>\n","protected":false},"excerpt":{"rendered":"<p>Camiseta oficial do podcast O X do Controle! Collab sensacional com um dos podcasts mais importantes da cena de not\u00edcias de games da atualidade! Mais que ser um apoiador do projeto \u00e9 vestir a camiseta com essa bela ilustra\u00e7\u00e3o de Victor Kahn que capta toda a vibe do papo do podcast! * Cabo HDMI de [&#8230;]\n","protected":false},"featured_media":100276,"comment_status":"open","ping_status":"closed","template":"","meta":[],"product_brand":[],"product_cat":[83],"product_tag":[2072,2087,1640,1987,866,2090,2089,1596,2085,867,2069,1877,2086,1513,2088],"class_list":{"0":"post-100278","1":"product","2":"type-product","3":"status-publish","4":"has-post-thumbnail","6":"product_cat-camiseta-reta","7":"product_tag-baratas","8":"product_tag-controle","9":"product_tag-dias","10":"product_tag-do","11":"product_tag-games","12":"product_tag-guilherme","13":"product_tag-hdmi","14":"product_tag-joga","15":"product_tag-ph","16":"product_tag-podcast","17":"product_tag-song","18":"product_tag-split","19":"product_tag-tvph","20":"product_tag-x","21":"product_tag-x-do","22":"pa_artista-o-x-do-controle","23":"pa_artista-victor-kahn","24":"pa_cor-preto","25":"pa_malha-verao","26":"pa_tamanho-2g","27":"pa_tamanho-3g","28":"pa_tamanho-4g","29":"pa_tamanho-5g","30":"pa_tamanho-g","31":"pa_tamanho-m","32":"pa_tamanho-p","33":"pa_tamanho-pp","34":"product_type-variable","35":"product_visibility-featured","65":"first","66":"instock","67":"featured","68":"shipping-taxable","69":"purchasable","70":"product-type-variable"},"_links":{"self":[{"href":"https:\/\/asbaratas.com.br\/loja\/wp-json\/wp\/v2\/product\/100278","targetHints":{"allow":["GET"]}}],"collection":[{"href":"https:\/\/asbaratas.com.br\/loja\/wp-json\/wp\/v2\/product"}],"about":[{"href":"https:\/\/asbaratas.com.br\/loja\/wp-json\/wp\/v2\/types\/product"}],"replies":[{"embeddable":true,"href":"https:\/\/asbaratas.com.br\/loja\/wp-json\/wp\/v2\/comments?post=100278"}],"wp:featuredmedia":[{"embeddable":true,"href":"https:\/\/asbaratas.com.br\/loja\/wp-json\/wp\/v2\/media\/100276"}],"wp:attachment":[{"href":"https:\/\/asbaratas.com.br\/loja\/wp-json\/wp\/v2\/media?parent=100278"}],"wp:term":[{"taxonomy":"product_brand","embeddable":true,"href":"https:\/\/asbaratas.com.br\/loja\/wp-json\/wp\/v2\/product_brand?post=100278"},{"taxonomy":"product_cat","embeddable":true,"href":"https:\/\/asbaratas.com.br\/loja\/wp-json\/wp\/v2\/product_cat?post=100278"},{"taxonomy":"product_tag","embeddable":true,"href":"https:\/\/asbaratas.com.br\/loja\/wp-json\/wp\/v2\/product_tag?post=100278"}],"curies":[{"name":"wp","href":"https:\/\/api.w.org\/{rel}","templated":true}]}}